{"id":9,"date":"2020-10-31T12:08:52","date_gmt":"2020-10-31T12:08:52","guid":{"rendered":"https:\/\/pflegedienst-ke.de\/?page_id=9"},"modified":"2020-12-01T16:34:23","modified_gmt":"2020-12-01T16:34:23","slug":"startseite","status":"publish","type":"page","link":"https:\/\/pflegedienst-ke.de\/","title":{"rendered":"Startseite"},"content":{"rendered":"<div class=\"wpb-content-wrapper\"><p>[vc_row][vc_column width=&#8220;5\/6&#8243;][vc_empty_space height=&#8220;15px&#8220;][vc_column_text]<\/p>\n<h2 class=\"wp-block-heading\">Willkommen beim Pflegedienst Karsten Eggert<\/h2>\n<p>Wir hei\u00dfen Sie auf unserer Homepage herzlich willkommen.<\/p>\n<p>Hier erfahren Sie alles \u00fcber unseren ambulanten Pflegedienst, der Sie und Ihre Angeh\u00f6rigen in allen Lebenslagen unterst\u00fctzt.<\/p>\n<p>Wir pflegen den Menschen dort, wo er sich am wohlsten f\u00fchlt, in seinem Zuhause.<\/p>\n<p>Ihr Leben soll weiterhin erf\u00fcllt und lebenswert sein, wir unterst\u00fctzen Sie dabei.<\/p>\n<p>Wir pflegen und betreuen Menschen mit und ohne Pflegegrad. Wenn Sie oder Ihre Angeh\u00f6rigen in Ihrem Alltag Unterst\u00fctzung ben\u00f6tigen, ist der ambulante <strong>Pflegedienst Karsten Eggert<\/strong> der richtige Partner an Ihrer Seite.<\/p>\n<p>Wir besuchen und beraten Sie, organisieren, verwalten, pflegen nach Wunsch\u00a0und Bedarf \u2013 alle anfallenden T\u00e4tigkeiten, auch im Haushalt.<\/p>\n<p>Der Erstkontakt\/Gespr\u00e4ch ist bereits im Krankenhaus m\u00f6glich.\u00a0Die Beratung und der Kostenvoranschlag ist unentgeltlich.\u00a0Gerne unterst\u00fctzen und beraten wir Sie bei der Antragstellung zur Erlangung\u00a0oder H\u00f6herstufung eines Pflegegrades.<\/p>\n<h4><\/h4>\n<p><!-- \/wp:post-content -->[\/vc_column_text][vc_btn title=&#8220;#zuverl\u00e4ssig # kompetent # individuell #flexibel&#8220; style=&#8220;custom&#8220; custom_text=&#8220;#174195&#8243; size=&#8220;lg&#8220; align=&#8220;center&#8220; css_animation=&#8220;bounceIn&#8220;][vc_text_separator title=&#8220;24 Stunden f\u00fcr Sie erreichbar!&#8220; i_icon_fontawesome=&#8220;fas fa-phone-volume&#8220; i_color=&#8220;custom&#8220; color=&#8220;custom&#8220; style=&#8220;double&#8220; el_width=&#8220;80&#8243; add_icon=&#8220;true&#8220; accent_color=&#8220;#174195&#8243; i_custom_color=&#8220;#174195&#8243;][\/vc_column][vc_column width=&#8220;1\/6&#8243;][vc_empty_space height=&#8220;15px&#8220;][vc_btn title=&#8220;Behandlungspflege&#8220; style=&#8220;custom&#8220; custom_background=&#8220;#174195&#8243; custom_text=&#8220;#ffffff&#8220; align=&#8220;center&#8220; css_animation=&#8220;none&#8220; button_block=&#8220;true&#8220; link=&#8220;url:https%3A%2F%2Fpflegedienst-ke.de%2F%3Fpage_id%3D15%2F%23behandlungspflege|title:Unsere%20Leistungen&#8220;][vc_btn title=&#8220;k\u00f6rperbezogene Pflegema\u00dfnahmen&#8220; style=&#8220;custom&#8220; custom_background=&#8220;#174195&#8243; custom_text=&#8220;#ffffff&#8220; align=&#8220;center&#8220; button_block=&#8220;true&#8220; link=&#8220;url:https%3A%2F%2Fpflegedienst-ke.de%2F%3Fpage_id%3D15%2F%23pflegemasnahmen|title:Unsere%20Leistungen&#8220;][vc_btn title=&#8220;Hilfe bei der Haushaltsf\u00fchrung&#8220; style=&#8220;custom&#8220; custom_background=&#8220;#174195&#8243; custom_text=&#8220;#ffffff&#8220; align=&#8220;center&#8220; button_block=&#8220;true&#8220; link=&#8220;url:https%3A%2F%2Fpflegedienst-ke.de%2F%3Fpage_id%3D15|title:Unsere%20Leistungen&#8220;][vc_btn title=&#8220;Betreuung&#8220; style=&#8220;custom&#8220; custom_background=&#8220;#174195&#8243; custom_text=&#8220;#ffffff&#8220; align=&#8220;center&#8220; button_block=&#8220;true&#8220; link=&#8220;url:https%3A%2F%2Fpflegedienst-ke.de%2F%3Fpage_id%3D15|title:Unsere%20Leistungen&#8220;][vc_btn title=&#8220;Verhinderungspflege&#8220; style=&#8220;custom&#8220; custom_background=&#8220;#174195&#8243; custom_text=&#8220;#ffffff&#8220; align=&#8220;center&#8220; button_block=&#8220;true&#8220; link=&#8220;url:https%3A%2F%2Fpflegedienst-ke.de%2F%3Fpage_id%3D15|title:Unsere%20Leistungen&#8220;][\/vc_column][vc_column][\/vc_column][\/vc_row]<\/p>\n<\/div>","protected":false},"excerpt":{"rendered":"<p>[vc_row][vc_column width=&#8220;5\/6&#8243;][vc_empty_space height=&#8220;15px&#8220;][vc_column_text] Willkommen beim Pflegedienst Karsten Eggert Wir hei\u00dfen Sie auf unserer Homepage herzlich willkommen. Hier erfahren Sie alles \u00fcber unseren ambulanten Pflegedienst, der Sie<span class=\"excerpt-hellip\"> [\u2026]<\/span><\/p>\n","protected":false},"author":1,"featured_media":0,"parent":0,"menu_order":0,"comment_status":"closed","ping_status":"closed","template":"","meta":{"footnotes":""},"class_list":["post-9","page","type-page","status-publish","hentry"],"_links":{"self":[{"href":"https:\/\/pflegedienst-ke.de\/index.php?rest_route=\/wp\/v2\/pages\/9","targetHints":{"allow":["GET"]}}],"collection":[{"href":"https:\/\/pflegedienst-ke.de\/index.php?rest_route=\/wp\/v2\/pages"}],"about":[{"href":"https:\/\/pflegedienst-ke.de\/index.php?rest_route=\/wp\/v2\/types\/page"}],"author":[{"embeddable":true,"href":"https:\/\/pflegedienst-ke.de\/index.php?rest_route=\/wp\/v2\/users\/1"}],"replies":[{"embeddable":true,"href":"https:\/\/pflegedienst-ke.de\/index.php?rest_route=%2Fwp%2Fv2%2Fcomments&post=9"}],"version-history":[{"count":26,"href":"https:\/\/pflegedienst-ke.de\/index.php?rest_route=\/wp\/v2\/pages\/9\/revisions"}],"predecessor-version":[{"id":133,"href":"https:\/\/pflegedienst-ke.de\/index.php?rest_route=\/wp\/v2\/pages\/9\/revisions\/133"}],"wp:attachment":[{"href":"https:\/\/pflegedienst-ke.de\/index.php?rest_route=%2Fwp%2Fv2%2Fmedia&parent=9"}],"curies":[{"name":"wp","href":"https:\/\/api.w.org\/{rel}","templated":true}]}}